{"id":96,"date":"2015-05-07T14:45:06","date_gmt":"2015-05-07T14:45:06","guid":{"rendered":"http:\/\/www.magianegra.com.pt\/?page_id=96"},"modified":"2018-09-09T03:06:41","modified_gmt":"2018-09-09T03:06:41","slug":"astrologo","status":"publish","type":"page","link":"https:\/\/www.magianegra.com.pt\/amarracoes\/trabalhos-magia-negra\/astrologo\/","title":{"rendered":"Sacerdote de Santeria"},"content":{"rendered":"<div class=\"post-header\" style=\"text-align: center;\"><\/div>\n<div id=\"post-body-8208210256203170509\" class=\"post-body entry-content\">\n<div><span style=\"color: #ff0000;\"><b><a href=\"http:\/\/www.magianegra.com.pt\/wp-content\/uploads\/2015\/05\/ALTARSCIPIANO.jpg\"><img loading=\"lazy\" decoding=\"async\" class=\"wp-image-470 aligncenter\" src=\"http:\/\/www.magianegra.com.pt\/wp-content\/uploads\/2015\/05\/ALTARSCIPIANO.jpg\" alt=\"ALTARSCIPIANO\" width=\"109\" height=\"109\" srcset=\"https:\/\/www.magianegra.com.pt\/wp-content\/uploads\/2015\/05\/ALTARSCIPIANO.jpg 260w, https:\/\/www.magianegra.com.pt\/wp-content\/uploads\/2015\/05\/ALTARSCIPIANO-150x150.jpg 150w, https:\/\/www.magianegra.com.pt\/wp-content\/uploads\/2015\/05\/ALTARSCIPIANO-90x90.jpg 90w, https:\/\/www.magianegra.com.pt\/wp-content\/uploads\/2015\/05\/ALTARSCIPIANO-75x75.jpg 75w\" sizes=\"auto, (max-width: 109px) 100vw, 109px\" \/><\/a><\/b><\/span><\/div>\n<div><\/div>\n<div style=\"text-align: center;\"><span style=\"color: #ff0000;\"><b>Daniel Baltazar Cipriano \u2013 Sacerdote<\/b><\/span><\/div>\n<div style=\"text-align: center;\"><\/div>\n<\/div>\n<div id=\"post-body-8208210256203170509\" class=\"post-body entry-content\">\n<div>\n<div>\n<div id=\"attachment_1797\" style=\"width: 160px\" class=\"wp-caption alignleft\"><a href=\"http:\/\/www.magianegra.com.pt\/wp-content\/uploads\/2015\/05\/colarinho_sacerdotal.jpg\"><img loading=\"lazy\" decoding=\"async\" aria-describedby=\"caption-attachment-1797\" class=\"wp-image-1797 size-full\" src=\"http:\/\/www.magianegra.com.pt\/wp-content\/uploads\/2015\/05\/colarinho_sacerdotal.jpg\" alt=\"Sacerdote altar s\u00e3o Cipriano\" width=\"150\" height=\"150\" srcset=\"https:\/\/www.magianegra.com.pt\/wp-content\/uploads\/2015\/05\/colarinho_sacerdotal.jpg 150w, https:\/\/www.magianegra.com.pt\/wp-content\/uploads\/2015\/05\/colarinho_sacerdotal-90x90.jpg 90w, https:\/\/www.magianegra.com.pt\/wp-content\/uploads\/2015\/05\/colarinho_sacerdotal-75x75.jpg 75w\" sizes=\"auto, (max-width: 150px) 100vw, 150px\" \/><\/a><p id=\"caption-attachment-1797\" class=\"wp-caption-text\">Sacerdote altar s\u00e3o Cipriano<\/p><\/div>\n<\/div>\n<div>Daniel Baltazar Cipriano \u00e9 <b>sacerdote<\/b>\u00a0ordenado pela Congrega\u00e7\u00e3o Devocional de s\u00e3o Cipriano, assim como \u00e9 sacerdote praticante da D\u00falia ou a religi\u00e3o de <strong><a href=\"http:\/\/www.magianegra.com.pt\/santeria_santos-htm\/\" target=\"_blank\">santeria<\/a><\/strong> desde 2005, exercendo e professando as suas praticas religiosas e espirituais h\u00e1 mais de 1 d\u00e9cada!, sempre exercendo a sua f\u00e9 no culto aos santos e aos espiritos.( Veja mais sobre o sacerdote, aqui no seu\u00a0<a href=\"http:\/\/www.amarracoes.com\" target=\"_blank\">blog do sacerdote<\/a>\u00a0)<\/div>\n<div>\n<p>Observai: Apenas um sacerdote ordenado pode praticar magia branca ou <a href=\"http:\/\/www.magianegra.com.pt\/tag\/magia-negra\/\" data-internallinksmanager029f6b8e52c=\"5\" title=\"Magia negra\" target=\"_blank\" rel=\"noopener\">magia negra<\/a> &#8211; invocando esp\u00edritos e conjurando assombra\u00e7\u00f5es &#8211; com uso de rel\u00edquias sagradas, h\u00f3stias, \u00f3leos de un\u00e7\u00e3o sagrada, \u00e1gua benta, e demais artefactos religiosos.<\/p>\n<p>Isto dito:<\/p>\n<\/div>\n<div>A <a href=\"http:\/\/www.magianegra.com.pt\/santeria_santos-htm\/\" target=\"_blank\">Santeria<\/a> ,(tal como a religi\u00e3o de Vodu da Luisiana \u2013 nos Estados Unidos \u2013 ou do Vodu do Haitiano, ( tend\u00eancias religiosas crioulas bem presentes junto do Brasil, e at\u00e9 mesmo na Guiana Francesa), \u00e9 uma religi\u00e3o que professa o culto aos santos, assim como professa a cren\u00e7a nos esp\u00edritos e no mundo dos esp\u00edritos, a cren\u00e7a nas apari\u00e7\u00f5es e nas<\/div>\n<div>assombra\u00e7\u00f5es, a cren\u00e7a em anjos e dem\u00f3nios, a cren\u00e7a em seres espirituais, a cren\u00e7a no mundo sobrenatural,a cren\u00e7a em possess\u00f5es e infesta\u00e7\u00f5es de esp\u00edritos, a cren\u00e7a em fantasmas e nos fen\u00f4menos paranormais,\u00a0assim como a cren\u00e7a no mundo dos mortos, ou seja: na vida ap\u00f3s a morte ou no mundo do \u00c1lem, ou o mundo dos esp\u00edritos desencarnados. Costuma-se dizer na religi\u00e3o da Santeria:<\/div>\n<div><\/div>\n<\/div>\n<\/div>\n<div>\n<div id=\"attachment_1794\" style=\"width: 260px\" class=\"wp-caption alignleft\"><a href=\"http:\/\/www.magianegra.com.pt\/wp-content\/uploads\/2017\/03\/03_vestes_sacerdotais.jpg\"><img loading=\"lazy\" decoding=\"async\" aria-describedby=\"caption-attachment-1794\" class=\"  wp-image-1794\" src=\"http:\/\/www.magianegra.com.pt\/wp-content\/uploads\/2017\/03\/03_vestes_sacerdotais-300x180.jpg\" alt=\"Vestes sacerdotais\" width=\"250\" height=\"150\" srcset=\"https:\/\/www.magianegra.com.pt\/wp-content\/uploads\/2017\/03\/03_vestes_sacerdotais-300x180.jpg 300w, https:\/\/www.magianegra.com.pt\/wp-content\/uploads\/2017\/03\/03_vestes_sacerdotais.jpg 350w\" sizes=\"auto, (max-width: 250px) 100vw, 250px\" \/><\/a><p id=\"caption-attachment-1794\" class=\"wp-caption-text\">Vestes sacerdotais<\/p><\/div>\n<\/div>\n<div id=\"post-body-8208210256203170509\" class=\"post-body entry-content\">\n<div>\n<div>\u00abNa religi\u00e3o da Santeria somos 100% Crist\u00e3os, e porem somos tamb\u00e9m 110% santeiros e vodu!\u00bb Assim sendo: A um sacerdote crist\u00e3o chama-se de padre, a um sacerdote evang\u00e9lico chama-se de pastor, a um sacerdote hebraico chama-se de Rabino, a um sacerdote de Umbanda, (Umbanda \u00e9 uma palavra que provem de Quimbunda de Angola), chama-se Pai de Santo, e a um sacerdote de Santeria chama-se de Santeiro ou Santeira.<br \/>\nEnt\u00e3o: Em Santeria somos sacerdotes desta nossa religi\u00e3o, e nela cremos em Cristo, e professamos a nossa devo\u00e7\u00e3o aos santos, e por isso \u2013 porque Cristo era um santo, o santo acima de todos os santos \u2013 ent\u00e3o cremos que todos os santos s\u00e3o esp\u00edritos ancestrais que persistem em esp\u00edrito vivendo no mundo dos esp\u00edritos. Por isso: cremos nas invoca\u00e7\u00f5es dos esp\u00edritos!, e cremos nos esp\u00edritos!, e cremos nas assombra\u00e7\u00f5es e apari\u00e7\u00f5es, e professamos que os esp\u00edritos descem neste mundo conforme forem adequadamente invocados, para \u2013 se forem bem lidados \u2013 em esp\u00edrito destinar e decretar conforme aquilo que lhes for conjurado!<\/div>\n<div>Conforme diz a lei de Liberdade religiosa, (Lei n.\u00ba 16\/2001, de 22 de Junho ), sacerdote de uma congrega\u00e7\u00e3o religiosa \u00e9 todo aquele que uma comunidade religiosa assim o considerar como tal, e Daniel Baltazar Cipriano foi um dos membros fundadores da congrega\u00e7\u00e3o religiosa ou casa de ora\u00e7\u00e3o denominada <strong><a href=\"http:\/\/www.magianegra.com.pt\/altar-s-cipriano-e-bruxa-evora\/altar-s-cipriano-e-bruxa-evora\/\" target=\"_blank\">Altar de s\u00e3o Cipriano<\/a><\/strong>, sendo pelos membros dessa comunidade assim considerado como sacerdote dessa congrega\u00e7\u00e3o religiosa e praticante da religi\u00e3o da Santeria. A religi\u00e3o da <strong><a href=\"http:\/\/www.magianegra.com.pt\/santeria_santos-htm\/\" target=\"_blank\">Santeria<\/a><\/strong> \u00e9 uma religi\u00e3o reconhecida em muitos pa\u00edses como nos EUA \u2013 tal como \u00e9 o Vodu, a Umbanda, a Quimbanda e o Candombl\u00e9 \u2013 \u00a0e de origem afro-brasileira e hisp\u00e2nica.<\/div>\n<\/div>\n<div>\n<div><\/div>\n<div>Daniel Baltazar Cipriano \u00e9\u00a0 sacerdote h\u00e1 15 anos, sempre\u00a0escrevendo intensamente obra teol\u00f3gica e mistica em diversos <b>BLOGS<\/b> sobre temas de religi\u00e3o, espiritismo, espiritualidade, misticismo e esoterismo!, assim ajudando a divulgar, clarificar, e desmistificar sobre as praticas espirituais e religiosas da Santeria!, assim como ajudando \u2013 atrav\u00e9s dos seus blogs \u2013 a dar uma modesta orienta\u00e7\u00e3o, conhecimentos e \u00a0ilumina\u00e7\u00e3o a quem procura saberes e conhecimento sobre os temas da religi\u00e3o santeira, da magia, do espiritismo, e da astrologia babil\u00f3nica.<\/div>\n<div><\/div>\n<div>\n<div id=\"attachment_1756\" style=\"width: 190px\" class=\"wp-caption alignleft\"><a href=\"http:\/\/www.magianegra.com.pt\/wp-content\/uploads\/2015\/05\/Diploma.ordenacao.sacerdotal.jpg\"><img loading=\"lazy\" decoding=\"async\" aria-describedby=\"caption-attachment-1756\" class=\"wp-image-1756 size-medium\" src=\"http:\/\/www.magianegra.com.pt\/wp-content\/uploads\/2015\/05\/Diploma.ordenacao.sacerdotal-180x300.jpg\" alt=\"Diploma de ordena\u00e7\u00e3o sacerdotal\" width=\"180\" height=\"300\" srcset=\"https:\/\/www.magianegra.com.pt\/wp-content\/uploads\/2015\/05\/Diploma.ordenacao.sacerdotal-180x300.jpg 180w, https:\/\/www.magianegra.com.pt\/wp-content\/uploads\/2015\/05\/Diploma.ordenacao.sacerdotal.jpg 480w\" sizes=\"auto, (max-width: 180px) 100vw, 180px\" \/><\/a><p id=\"caption-attachment-1756\" class=\"wp-caption-text\">Diploma de ordena\u00e7\u00e3o sacerdotal<\/p><\/div>\n<\/div>\n<div><span style=\"color: #808080;\"><em>Diploma de ordena\u00e7\u00e3o\u00a0<\/em><\/span><span style=\"color: #808080;\"><i>sacerdotal<\/i><\/span><\/div>\n<div><\/div>\n<div>Daniel Baltazar Cipriano \u00e9 um dos fundadores, e pertence ao verdadeiro e original\u00a0<a href=\"http:\/\/www.magianegra.com.pt\/altar-s-cipriano-e-bruxa-evora\/altar-s-cipriano-e-bruxa-evora\/\" target=\"_blank\">ALTAR DE S\u00c3O CIPRIANO<\/a>, uma associa\u00e7\u00e3o religiosa, ( informal e sem personalidade jur\u00eddica),constitu\u00edda conforme o Art 46\u00ba da CRP, assim como conforme a Lei de liberdade religiosa, (ao abrigo do disposto no &#8220;f&#8221; do art 8\u00ba da Lei n.\u00ba 16\/2001, de 22 de Junho) , sendo essa uma associa\u00e7\u00e3o de natureza religiosa constitu\u00edda conforme princ\u00edpios religiosos e doutrin\u00e1rios de \u00abManifesto Doutrin\u00e1rio\u00bb,,( legalmente reconhecido e registado em Oficio n\u00ba 5244-MC ; averb. Reg. N\u00ba 5847), que tem por objectivo a divulga\u00e7\u00e3o da religi\u00e3o da <strong><a href=\"http:\/\/www.magianegra.com.pt\/santeria_santos-htm\/\" target=\"_blank\">SANTERIA<\/a><\/strong>, sim como a promo\u00e7\u00e3o das praticas espirituais dessa mesma religi\u00e3o, nomeadamente: o espiritismo, a astrologia, o ocultismo e o esoterismo, enquanto formas de auxilio espiritual e de abertura de caminhos de esperan\u00e7a na vida daqueles que se revendo na f\u00e9 da religi\u00e3o da Santeria, ent\u00e3o procuram no mundo do esp\u00edrito uma orienta\u00e7\u00e3o religiosa e uma resposta m\u00edstica para os seus dilemas.<\/div>\n<div>A Umbanda \u00e9 uma religi\u00e3o juridicamente reconhecida no Brasil, conforme art.\u00ba 5\u00ba da CRFB, assim como paragrafo 1\u00ba do art.\u00ba 215 da Constitui\u00e7\u00e3o Federal, e tamb\u00e9m Lei n\u00ba 12.644 de 16 de Maio 2012.<\/div>\n<div>A SANTERIA &#8211; ou culto aos santos &#8211; \u00e9 uma religi\u00e3o juridicamente reconhecida nos Estados Unidos conforme jurisprud\u00eancia do Supremo Tribunal no caso Church of Lukumi Babalu Aye, Inc. v. City of Hialeah, de 1993<\/div>\n<div><\/div>\n<div>\n<div id=\"attachment_1674\" style=\"width: 110px\" class=\"wp-caption alignleft\"><a href=\"http:\/\/www.magianegra.com.pt\/wp-content\/uploads\/2017\/03\/altar12.jpg\"><img loading=\"lazy\" decoding=\"async\" aria-describedby=\"caption-attachment-1674\" class=\"  wp-image-1674\" src=\"http:\/\/www.magianegra.com.pt\/wp-content\/uploads\/2017\/03\/altar12-160x300.jpg\" alt=\"Batina Sacerdotal\" width=\"100\" height=\"188\" srcset=\"https:\/\/www.magianegra.com.pt\/wp-content\/uploads\/2017\/03\/altar12-160x300.jpg 160w, https:\/\/www.magianegra.com.pt\/wp-content\/uploads\/2017\/03\/altar12.jpg 300w\" sizes=\"auto, (max-width: 100px) 100vw, 100px\" \/><\/a><p id=\"caption-attachment-1674\" class=\"wp-caption-text\">Batina Sacerdotal<\/p><\/div>\n<\/div>\n<div>Em Portugal\u00a0<b>DANIEL BALTAZAR CIPRIANO<\/b>\u00a0professa e exerce \u2013 como\u00a0<b>sacerdote<\/b>\u00a0\u2013 a religi\u00e3o da\u00a0<b>SANTERIA<\/b>\u00a0&#8211; ou o nosso culto religioso aos santos, a Deus e \u00e1s divindades, fazendo-o conforme a Lei n\u00ba 16\/2001 de 22 Junho sobre &#8220;liberdade religiosa&#8221;.<\/div>\n<div><\/div>\n<div>Daniel Baltazar Cipriano assume esse seu<span class=\"apple-converted-space\">\u00a0<\/span><b>nome sacerdotal<span class=\"apple-converted-space\">\u00a0<\/span><\/b>n\u00e3o enquanto o seu nome de baptismo, mas sim enquanto um<span class=\"apple-converted-space\">\u00a0<\/span><b>nome sacerdotal e espiritual<\/b><span class=\"apple-converted-space\">\u00a0<\/span>que representa n\u00e3o apenas as entidades espirituais que o guiam na sua miss\u00e3o espiritual, assim como expressando a natureza da sua miss\u00e3o espiritual!<\/div>\n<div>\u00c9 comum sacerdotes ou praticantes de certos ramos religiosos, assumam nomes relacionados com entidades espirituais nas quais a pessoa cr\u00ea!, ou que a pessoa acredita estarem guiando o seu caminho neste mundo. Por isso mesmo os papas assumem nomes que n\u00e3o s\u00e3o os seus!, e nisso n\u00e3o h\u00e1 motivo de esc\u00e2ndalo!, pois todo o mundo sabe que na verdade o papa Jo\u00e3o Paulo II n\u00e3o se chama Jo\u00e3o Paulo II mas sim\u00a0Karol J\u00f3zef Wojty\u0142a, e todo o mundo sabe que o papa Bento XVI n\u00e3o se chama Bento XVI mas sim Joseph Aloisius Ratzinger, e todo o mundo sabe que o Papa Francisco n\u00e3o se chama Francisco, mas sim\u00a0\u00a0Jorge Mario Bergoglio.<\/div>\n<div>Ent\u00e3o:<\/div>\n<div>essa tradi\u00e7\u00e3o espiritual remonta \u00e1 milhares de anos!, e pode ser testemunhada no Antigo Testamento, quando se professa que Deus ao destinar Abra\u00e3o para a sua miss\u00e3o espiritual lhe mudou o nome de Abr\u00e3o para Abra\u00e3o!, e mudou o nome de sua esposa Sarai para Sara!,\u00a0(\u00a0G\u00ean. 17-5 ), assim como Deus fez o mesmo com Jacob quando lhe mudou o nome de Jacob para Israel,(G\u00ean. 32-28).<\/div>\n<div>Da mesma forma:<\/div>\n<div>O profeta Daniel trabalhou na corte do rei\u00a0\u00a0Nabucodonosor, onde se fazia chamar pelo nome pag\u00e3o de Baltazar (Daniel\u00a0IV)<\/div>\n<div>Mais:<\/div>\n<div>Jesus ao decretar as miss\u00f5es espirituais dos seus ap\u00f3stolos Pedro e Paulo, mudou-lhes os nomes de Sim\u00e3o para Pedro, (Mat.4-18), e de Saulo para Paulo, ( Atos 3-9) !!!!<\/div>\n<div><\/div>\n<div>Ent\u00e3o:<\/div>\n<div>\u00e9 uma ancestral cren\u00e7a espiritual que professa que:<\/div>\n<div>aquele que assume uma miss\u00e3o espiritual, pode tender a adoptar um nome representativo da miss\u00e3o espiritual e da entidade espiritual que guia essa pessoa!, e isso \u00e9 uma pratica espiritual milenar.<\/div>\n<div><\/div>\n<div>Por isso mesmo:<\/div>\n<div>Daniel Baltazar Cipriano assume esse seu nome n\u00e3o enquanto o seu nome de baptismo, mas sim enquanto um nome espiritual que representa n\u00e3o apenas as entidades espirituais que o guiam na sua miss\u00e3o espiritual, assim como expressando a natureza da sua miss\u00e3o espiritual!, pois que Daniel \u00e9 o profeta de Deus que porem trabalhou como mago na corte do rei da Babil\u00f3nia chamando-se de Baltazar!, e Cipriano foi um santo de Deus que porem tamb\u00e9m foi o maior mago da historia!, e isso define como os homens que trilham nos caminhos do esp\u00edrito por vezes caminham por caminhos misteriosos!, pois que os caminhos de Deus s\u00e3o sempre misteriosos!, e ao homem n\u00e3o cabe ficar perdendo tempo a questionar aos caminhos de Deus!, mas sim cabe neles trilhar!, e por eles cumprir com a miss\u00e3o que o esp\u00edrito lhes incumbiu!<\/div>\n<div><\/div>\n<div>Daniel Baltazar Cipriano \u00e9 por isso\u00a0<b>sacerdote<\/b>\u00a0do Mosteiro e Igreja\u00a0interconfessional UC h\u00e1 15 anos, e Daniel Baltazar Cipriano est\u00e1 a\u00ed com os seus blogs dando a sua cara!,\u00a0 h\u00e1 mais de 1 d\u00e9cada exercendo o seu oficio espiritual de sacerdote !, e escrevendo em diversos blogs espiritualistas!<\/div>\n<div><\/div>\n<\/div>\n<div><b>Leia tamb\u00e9m:<\/b><\/div>\n<div><a href=\"http:\/\/www.magianegra.com.pt\/videncia-vidente\/videncia-mediunidade-espiritismo\/\" target=\"_blank\">Vid\u00eancia, mediunidade, espiritismo<\/a><br \/>\n<a href=\"http:\/\/www.magianegra.com.pt\/videncia-videntes\/bibliomancia-videncia-atraves-dos-livros-sagrados\/\" target=\"_blank\">Bibliomancia, vid\u00eancia atrav\u00e9s da B\u00edblia<\/a><br \/>\n<a href=\"http:\/\/www.magianegra.com.pt\/astrologia-babilonica\/astrologia-babilonica\/\" target=\"_blank\">Astrologia babil\u00f3nica, vid\u00eancia atrav\u00e9s dos aug\u00farios celestes<\/a><br \/>\n<a href=\"http:\/\/www.magianegra.com.pt\/amarracoes\/amarracoes-como-funcionam-as-amarracoes-o-que-sao-amarracoes\/\" target=\"_blank\">Amarra\u00e7\u00f5es,\u00a0sobre\u00a0amarra\u00e7\u00f5es<\/a><br \/>\n<a href=\"http:\/\/www.magianegra.com.pt\/amarracoes_como_funciona_amarracao\/amarracoes-como-funcionam-as-bruxarias-de-amarracao\/\" target=\"_blank\">Amarra\u00e7\u00f5es, como funcionam as amarra\u00e7\u00f5es<\/a><\/div>\n<div><\/div>\n<div><\/div>\n<div><a href=\"http:\/\/www.magianegra.com.pt\/wp-content\/uploads\/2015\/05\/ALTARSCIPIANO.jpg\"><img loading=\"lazy\" decoding=\"async\" class=\"  wp-image-470 alignleft\" src=\"http:\/\/www.magianegra.com.pt\/wp-content\/uploads\/2015\/05\/ALTARSCIPIANO.jpg\" alt=\"ALTARSCIPIANO\" width=\"76\" height=\"76\" srcset=\"https:\/\/www.magianegra.com.pt\/wp-content\/uploads\/2015\/05\/ALTARSCIPIANO.jpg 260w, https:\/\/www.magianegra.com.pt\/wp-content\/uploads\/2015\/05\/ALTARSCIPIANO-150x150.jpg 150w, https:\/\/www.magianegra.com.pt\/wp-content\/uploads\/2015\/05\/ALTARSCIPIANO-90x90.jpg 90w, https:\/\/www.magianegra.com.pt\/wp-content\/uploads\/2015\/05\/ALTARSCIPIANO-75x75.jpg 75w\" sizes=\"auto, (max-width: 76px) 100vw, 76px\" \/><\/a><\/div>\n<div>A paz dos santos esteja sempre convosco.<\/div>\n<\/div>\n<div><\/div>\n<div style=\"text-align: center;\"><\/div>\n ","protected":false},"excerpt":{"rendered":"<p>Daniel Baltazar Cipriano \u2013 Sacerdote Daniel Baltazar Cipriano \u00e9 sacerdote\u00a0ordenado pela Congrega\u00e7\u00e3o Devocional de s\u00e3o Cipriano, assim como \u00e9 sacerdote praticante da D\u00falia ou a religi\u00e3o de santeria desde 2005, exercendo e professando as suas praticas religiosas e espirituais h\u00e1 mais de 1 d\u00e9cada!, sempre exercendo a sua f\u00e9 no culto aos santos e aos espiritos.( Veja mais sobre o<\/p>\n","protected":false},"author":1,"featured_media":0,"parent":0,"menu_order":0,"comment_status":"closed","ping_status":"closed","template":"","meta":{"footnotes":""},"class_list":["post-96","page","type-page","status-publish","hentry"],"_links":{"self":[{"href":"https:\/\/www.magianegra.com.pt\/amarracoes\/trabalhos-magia-negra\/wp-json\/wp\/v2\/pages\/96","targetHints":{"allow":["GET"]}}],"collection":[{"href":"https:\/\/www.magianegra.com.pt\/amarracoes\/trabalhos-magia-negra\/wp-json\/wp\/v2\/pages"}],"about":[{"href":"https:\/\/www.magianegra.com.pt\/amarracoes\/trabalhos-magia-negra\/wp-json\/wp\/v2\/types\/page"}],"author":[{"embeddable":true,"href":"https:\/\/www.magianegra.com.pt\/amarracoes\/trabalhos-magia-negra\/wp-json\/wp\/v2\/users\/1"}],"replies":[{"embeddable":true,"href":"https:\/\/www.magianegra.com.pt\/amarracoes\/trabalhos-magia-negra\/wp-json\/wp\/v2\/comments?post=96"}],"version-history":[{"count":61,"href":"https:\/\/www.magianegra.com.pt\/amarracoes\/trabalhos-magia-negra\/wp-json\/wp\/v2\/pages\/96\/revisions"}],"predecessor-version":[{"id":2282,"href":"https:\/\/www.magianegra.com.pt\/amarracoes\/trabalhos-magia-negra\/wp-json\/wp\/v2\/pages\/96\/revisions\/2282"}],"wp:attachment":[{"href":"https:\/\/www.magianegra.com.pt\/amarracoes\/trabalhos-magia-negra\/wp-json\/wp\/v2\/media?parent=96"}],"curies":[{"name":"wp","href":"https:\/\/api.w.org\/{rel}","templated":true}]}}